{"id":2782,"date":"2024-04-24T16:29:45","date_gmt":"2024-04-24T14:29:45","guid":{"rendered":"https:\/\/www.sima-tec-gmbh.de\/?page_id=2782"},"modified":"2024-05-29T15:01:24","modified_gmt":"2024-05-29T13:01:24","slug":"schaltschrankbau","status":"publish","type":"page","link":"https:\/\/www.sima-tec-gmbh.de\/en\/elektrotechnik\/schaltschrankbau\/","title":{"rendered":"Schaltschrankbau"},"content":{"rendered":"\n<p>Als verl\u00e4ngerte Werkbank produzieren wir Ihren individuellen Schaltschrank entsprechend Ihrem Engineering schnell und wirtschaftlich. Dabei k\u00f6nnen Einzelanfertigungen oder auch Kleinserien realisiert werden.<br>Die Schaltschr\u00e4nke werden fertig verkabelt, gepr\u00fcft und anschlussfertig ausgeliefert. Somit m\u00fcssen die Schaltschr\u00e4nke nur noch von einer Elektrofachkraft angeschlossen werden. Auch eine Materialbeistellung durch den Auftraggeber ist m\u00f6glich. <\/p>\n\n\n\n<p>Ihre Vorteile sind:<\/p>\n\n\n\n<ul>\n<li>Qualit\u00e4t Made in Germany \u2013 Faire Preise bei h\u00f6chster Qualit\u00e4t<\/li>\n\n\n\n<li>Festpreise<\/li>\n\n\n\n<li>Einzel- und Kleinserienfertigung<\/li>\n\n\n\n<li>Pr\u00fcfung nach DIN VDE 0113 (DIN EN 60204-1)<\/li>\n\n\n\n<li>Kurze Lieferzeiten<\/li>\n<\/ul>\n\n\n\n<p><a>Am besten besprechen wir Ihre Anforderungen pers\u00f6nlich. Wir erstellen Ihnen dann schnell und unkompliziert ein individuelles Angebot. Wir freuen uns darauf!<\/a><\/p>\n","protected":false},"excerpt":{"rendered":"<p>Als verl\u00e4ngerte Werkbank produzieren wir Ihren individuellen Schaltschrank entsprechend Ihrem Engineering schnell und wirtschaftlich. Dabei k\u00f6nnen Einzelanfertigungen oder auch Kleinserien realisiert werden.Die Schaltschr\u00e4nke werden fertig verkabelt, gepr\u00fcft und anschlussfertig ausgeliefert. Somit m\u00fcssen die Schaltschr\u00e4nke nur noch von einer Elektrofachkraft angeschlossen werden. Auch eine Materialbeistellung durch den Auftraggeber ist m\u00f6glich. Ihre Vorteile sind: Am besten besprechen [&hellip;]<\/p>\n","protected":false},"author":1,"featured_media":2796,"parent":2803,"menu_order":10,"comment_status":"closed","ping_status":"closed","template":"","meta":[],"translation":{"provider":"WPGlobus","version":"2.10.10","language":"en","enabled_languages":["de","en"],"languages":{"de":{"title":true,"content":true,"excerpt":false},"en":{"title":false,"content":false,"excerpt":false}}},"yoast_head":"<!-- This site is optimized with the Yoast SEO plugin v20.4 - https:\/\/yoast.com\/wordpress\/plugins\/seo\/ -->\n<title>Schaltschrankbau - SIMA-tec GmbH<\/title>\n<meta name=\"robots\" content=\"index, follow, max-snippet:-1, max-image-preview:large, max-video-preview:-1\" \/>\n<link rel=\"canonical\" href=\"https:\/\/www.sima-tec-gmbh.de\/elektrotechnik\/schaltschrankbau\/\" \/>\n<meta property=\"og:locale\" content=\"en_US\" \/>\n<meta property=\"og:type\" content=\"article\" \/>\n<meta property=\"og:title\" content=\"Schaltschrankbau - SIMA-tec GmbH\" \/>\n<meta property=\"og:url\" content=\"https:\/\/www.sima-tec-gmbh.de\/elektrotechnik\/schaltschrankbau\/\" \/>\n<meta property=\"og:site_name\" content=\"SIMA-tec GmbH\" \/>\n<meta property=\"article:modified_time\" content=\"2024-05-29T13:01:24+00:00\" \/>\n<meta property=\"og:image\" content=\"https:\/\/www.sima-tec-gmbh.de\/wp-content\/uploads\/2023\/05\/iStock-1406498017-Schaltschrankbau-scaled.jpg\" \/>\n\t<meta property=\"og:image:width\" content=\"2560\" \/>\n\t<meta property=\"og:image:height\" content=\"1707\" \/>\n\t<meta property=\"og:image:type\" content=\"image\/jpeg\" \/>\n<meta name=\"twitter:card\" content=\"summary_large_image\" \/>\n<meta name=\"twitter:label1\" content=\"Est. reading time\" \/>\n\t<meta name=\"twitter:data1\" content=\"1 minute\" \/>\n<script type=\"application\/ld+json\" class=\"yoast-schema-graph\">{\"@context\":\"https:\/\/schema.org\",\"@graph\":[{\"@type\":\"WebPage\",\"@id\":\"https:\/\/www.sima-tec-gmbh.de\/elektrotechnik\/schaltschrankbau\/\",\"url\":\"https:\/\/www.sima-tec-gmbh.de\/elektrotechnik\/schaltschrankbau\/\",\"name\":\"Schaltschrankbau - SIMA-tec GmbH\",\"isPartOf\":{\"@id\":\"https:\/\/www.sima-tec-gmbh.de\/#website\"},\"datePublished\":\"2024-04-24T14:29:45+00:00\",\"dateModified\":\"2024-05-29T13:01:24+00:00\",\"breadcrumb\":{\"@id\":\"https:\/\/www.sima-tec-gmbh.de\/elektrotechnik\/schaltschrankbau\/#breadcrumb\"},\"inLanguage\":\"en-US\",\"potentialAction\":[{\"@type\":\"ReadAction\",\"target\":[\"https:\/\/www.sima-tec-gmbh.de\/elektrotechnik\/schaltschrankbau\/\"]}]},{\"@type\":\"BreadcrumbList\",\"@id\":\"https:\/\/www.sima-tec-gmbh.de\/elektrotechnik\/schaltschrankbau\/#breadcrumb\",\"itemListElement\":[{\"@type\":\"ListItem\",\"position\":1,\"name\":\"Startseite\",\"item\":\"https:\/\/www.sima-tec-gmbh.de\/\"},{\"@type\":\"ListItem\",\"position\":2,\"name\":\"Elektrotechnik\",\"item\":\"https:\/\/www.sima-tec-gmbh.de\/elektrotechnik\/\"},{\"@type\":\"ListItem\",\"position\":3,\"name\":\"Schaltschrankbau\"}]},{\"@type\":\"WebSite\",\"@id\":\"https:\/\/www.sima-tec-gmbh.de\/#website\",\"url\":\"https:\/\/www.sima-tec-gmbh.de\/\",\"name\":\"SIMA-tec GmbH\",\"description\":\" Since more than 20 years we occupy ourself with themes like quality improvement in the range of industrial engineering, membrane technics and analysis. Expect peak perfomance! We look forward to your request! \",\"publisher\":{\"@id\":\"https:\/\/www.sima-tec-gmbh.de\/#organization\"},\"potentialAction\":[{\"@type\":\"SearchAction\",\"target\":{\"@type\":\"EntryPoint\",\"urlTemplate\":\"https:\/\/www.sima-tec-gmbh.de\/?s={search_term_string}\"},\"query-input\":\"required name=search_term_string\"}],\"inLanguage\":\"en-US\"},{\"@type\":\"Organization\",\"@id\":\"https:\/\/www.sima-tec-gmbh.de\/#organization\",\"name\":\"SIMAtec GmbH\",\"url\":\"https:\/\/www.sima-tec-gmbh.de\/\",\"logo\":{\"@type\":\"ImageObject\",\"inLanguage\":\"en-US\",\"@id\":\"https:\/\/www.sima-tec-gmbh.de\/#\/schema\/logo\/image\/\",\"url\":\"https:\/\/www.sima-tec-gmbh.de\/wp-content\/uploads\/2016\/04\/logo-sima-tec.jpg\",\"contentUrl\":\"https:\/\/www.sima-tec-gmbh.de\/wp-content\/uploads\/2016\/04\/logo-sima-tec.jpg\",\"width\":993,\"height\":1107,\"caption\":\"SIMAtec GmbH\"},\"image\":{\"@id\":\"https:\/\/www.sima-tec-gmbh.de\/#\/schema\/logo\/image\/\"}}]}<\/script>\n<!-- \/ Yoast SEO plugin. -->","yoast_head_json":{"title":"Schaltschrankbau - SIMA-tec GmbH","robots":{"index":"index","follow":"follow","max-snippet":"max-snippet:-1","max-image-preview":"max-image-preview:large","max-video-preview":"max-video-preview:-1"},"canonical":"https:\/\/www.sima-tec-gmbh.de\/elektrotechnik\/schaltschrankbau\/","og_locale":"en_US","og_type":"article","og_title":"Schaltschrankbau - SIMA-tec GmbH","og_url":"https:\/\/www.sima-tec-gmbh.de\/elektrotechnik\/schaltschrankbau\/","og_site_name":"SIMA-tec GmbH","article_modified_time":"2024-05-29T13:01:24+00:00","og_image":[{"width":2560,"height":1707,"url":"https:\/\/www.sima-tec-gmbh.de\/wp-content\/uploads\/2023\/05\/iStock-1406498017-Schaltschrankbau-scaled.jpg","type":"image\/jpeg"}],"twitter_card":"summary_large_image","twitter_misc":{"Est. reading time":"1 minute"},"schema":{"@context":"https:\/\/schema.org","@graph":[{"@type":"WebPage","@id":"https:\/\/www.sima-tec-gmbh.de\/elektrotechnik\/schaltschrankbau\/","url":"https:\/\/www.sima-tec-gmbh.de\/elektrotechnik\/schaltschrankbau\/","name":"Schaltschrankbau - SIMA-tec GmbH","isPartOf":{"@id":"https:\/\/www.sima-tec-gmbh.de\/#website"},"datePublished":"2024-04-24T14:29:45+00:00","dateModified":"2024-05-29T13:01:24+00:00","breadcrumb":{"@id":"https:\/\/www.sima-tec-gmbh.de\/elektrotechnik\/schaltschrankbau\/#breadcrumb"},"inLanguage":"en-US","potentialAction":[{"@type":"ReadAction","target":["https:\/\/www.sima-tec-gmbh.de\/elektrotechnik\/schaltschrankbau\/"]}]},{"@type":"BreadcrumbList","@id":"https:\/\/www.sima-tec-gmbh.de\/elektrotechnik\/schaltschrankbau\/#breadcrumb","itemListElement":[{"@type":"ListItem","position":1,"name":"Startseite","item":"https:\/\/www.sima-tec-gmbh.de\/"},{"@type":"ListItem","position":2,"name":"Elektrotechnik","item":"https:\/\/www.sima-tec-gmbh.de\/elektrotechnik\/"},{"@type":"ListItem","position":3,"name":"Schaltschrankbau"}]},{"@type":"WebSite","@id":"https:\/\/www.sima-tec-gmbh.de\/#website","url":"https:\/\/www.sima-tec-gmbh.de\/","name":"SIMA-tec GmbH","description":" Since more than 20 years we occupy ourself with themes like quality improvement in the range of industrial engineering, membrane technics and analysis. Expect peak perfomance! We look forward to your request! ","publisher":{"@id":"https:\/\/www.sima-tec-gmbh.de\/#organization"},"potentialAction":[{"@type":"SearchAction","target":{"@type":"EntryPoint","urlTemplate":"https:\/\/www.sima-tec-gmbh.de\/?s={search_term_string}"},"query-input":"required name=search_term_string"}],"inLanguage":"en-US"},{"@type":"Organization","@id":"https:\/\/www.sima-tec-gmbh.de\/#organization","name":"SIMAtec GmbH","url":"https:\/\/www.sima-tec-gmbh.de\/","logo":{"@type":"ImageObject","inLanguage":"en-US","@id":"https:\/\/www.sima-tec-gmbh.de\/#\/schema\/logo\/image\/","url":"https:\/\/www.sima-tec-gmbh.de\/wp-content\/uploads\/2016\/04\/logo-sima-tec.jpg","contentUrl":"https:\/\/www.sima-tec-gmbh.de\/wp-content\/uploads\/2016\/04\/logo-sima-tec.jpg","width":993,"height":1107,"caption":"SIMAtec GmbH"},"image":{"@id":"https:\/\/www.sima-tec-gmbh.de\/#\/schema\/logo\/image\/"}}]}},"_links":{"self":[{"href":"https:\/\/www.sima-tec-gmbh.de\/en\/wp-json\/wp\/v2\/pages\/2782"}],"collection":[{"href":"https:\/\/www.sima-tec-gmbh.de\/en\/wp-json\/wp\/v2\/pages"}],"about":[{"href":"https:\/\/www.sima-tec-gmbh.de\/en\/wp-json\/wp\/v2\/types\/page"}],"author":[{"embeddable":true,"href":"https:\/\/www.sima-tec-gmbh.de\/en\/wp-json\/wp\/v2\/users\/1"}],"replies":[{"embeddable":true,"href":"https:\/\/www.sima-tec-gmbh.de\/en\/wp-json\/wp\/v2\/comments?post=2782"}],"version-history":[{"count":3,"href":"https:\/\/www.sima-tec-gmbh.de\/en\/wp-json\/wp\/v2\/pages\/2782\/revisions"}],"predecessor-version":[{"id":2790,"href":"https:\/\/www.sima-tec-gmbh.de\/en\/wp-json\/wp\/v2\/pages\/2782\/revisions\/2790"}],"up":[{"embeddable":true,"href":"https:\/\/www.sima-tec-gmbh.de\/en\/wp-json\/wp\/v2\/pages\/2803"}],"wp:featuredmedia":[{"embeddable":true,"href":"https:\/\/www.sima-tec-gmbh.de\/en\/wp-json\/wp\/v2\/media\/2796"}],"wp:attachment":[{"href":"https:\/\/www.sima-tec-gmbh.de\/en\/wp-json\/wp\/v2\/media?parent=2782"}],"curies":[{"name":"wp","href":"https:\/\/api.w.org\/{rel}","templated":true}]}}