{"id":27,"date":"2015-12-07T07:42:51","date_gmt":"2015-12-07T06:42:51","guid":{"rendered":"https:\/\/leonhillebrandt.de\/sites\/simatec\/wordpress\/?page_id=27"},"modified":"2025-03-24T13:57:04","modified_gmt":"2025-03-24T12:57:04","slug":"kontaktdaten","status":"publish","type":"page","link":"https:\/\/www.sima-tec-gmbh.de\/en\/kontakt\/kontaktdaten\/","title":{"rendered":"Contact Information"},"content":{"rendered":"<div class=\"column\">\n<p>Contact us! We will be pleased to give you advice!<\/p>\n<p><strong>SIMA-tec GmbH<\/strong><br \/>\nSchier 12c<br \/>\nD-41366 Schwalmtal<\/p>\n<p><strong>Office H\u00fcrth:<\/strong><br \/>\nWilli-Mainzer-Stra\u00dfe 14<br \/>\nD-50354 H\u00fcrth<\/p>\n<p><img decoding=\"async\" loading=\"lazy\" class=\"alignnone wp-image-1546\" src=\"https:\/\/www.sima-tec-gmbh.de\/wp-content\/uploads\/2015\/12\/Telefon-300x300.png\" alt=\"Telefon\" width=\"17\" height=\"17\" srcset=\"https:\/\/www.sima-tec-gmbh.de\/wp-content\/uploads\/2015\/12\/Telefon-300x300.png 300w, https:\/\/www.sima-tec-gmbh.de\/wp-content\/uploads\/2015\/12\/Telefon-150x150.png 150w, https:\/\/www.sima-tec-gmbh.de\/wp-content\/uploads\/2015\/12\/Telefon.png 353w\" sizes=\"(max-width: 17px) 100vw, 17px\" \/> +49 2163-34921-0<br \/>\n<img decoding=\"async\" loading=\"lazy\" class=\"alignnone wp-image-1547\" src=\"https:\/\/www.sima-tec-gmbh.de\/wp-content\/uploads\/2015\/12\/Bild-Drucker-300x285.png\" alt=\"Bild-Drucker\" width=\"19\" height=\"18\" srcset=\"https:\/\/www.sima-tec-gmbh.de\/wp-content\/uploads\/2015\/12\/Bild-Drucker-300x285.png 300w, https:\/\/www.sima-tec-gmbh.de\/wp-content\/uploads\/2015\/12\/Bild-Drucker-150x150.png 150w, https:\/\/www.sima-tec-gmbh.de\/wp-content\/uploads\/2015\/12\/Bild-Drucker.png 434w\" sizes=\"(max-width: 19px) 100vw, 19px\" \/> +49 2163-34921-11<br \/>\n<img decoding=\"async\" loading=\"lazy\" class=\"alignnone wp-image-1548\" src=\"https:\/\/www.sima-tec-gmbh.de\/wp-content\/uploads\/2015\/12\/Bild-Briefbogen-300x185.png\" alt=\"Bild-Briefbogen\" width=\"19\" height=\"12\" srcset=\"https:\/\/www.sima-tec-gmbh.de\/wp-content\/uploads\/2015\/12\/Bild-Briefbogen-300x185.png 300w, https:\/\/www.sima-tec-gmbh.de\/wp-content\/uploads\/2015\/12\/Bild-Briefbogen.png 416w\" sizes=\"(max-width: 19px) 100vw, 19px\" \/>\u00a0 info(at)sima-tec.de<\/p>\n<\/div>\n","protected":false},"excerpt":{"rendered":"<p>Contact us! We will be pleased to give you advice! SIMA-tec GmbH Schier 12c D-41366 Schwalmtal Office H\u00fcrth: Willi-Mainzer-Stra\u00dfe 14 D-50354 H\u00fcrth +49 2163-34921-0 +49 2163-34921-11 \u00a0 info(at)sima-tec.de<\/p>\n","protected":false},"author":1,"featured_media":0,"parent":38,"menu_order":66,"comment_status":"closed","ping_status":"closed","template":"","meta":[],"translation":{"provider":"WPGlobus","version":"2.10.10","language":"en","enabled_languages":["de","en"],"languages":{"de":{"title":true,"content":true,"excerpt":false},"en":{"title":true,"content":true,"excerpt":false}}},"yoast_head":"<!-- This site is optimized with the Yoast SEO plugin v20.4 - https:\/\/yoast.com\/wordpress\/plugins\/seo\/ -->\n<title>Contact Information - SIMA-tec GmbH<\/title>\n<meta name=\"robots\" content=\"index, follow, max-snippet:-1, max-image-preview:large, max-video-preview:-1\" \/>\n<link rel=\"canonical\" href=\"https:\/\/www.sima-tec-gmbh.de\/kontakt\/kontaktdaten\/\" \/>\n<meta property=\"og:locale\" content=\"en_US\" \/>\n<meta property=\"og:type\" content=\"article\" \/>\n<meta property=\"og:title\" content=\"Contact Information - SIMA-tec GmbH\" \/>\n<meta property=\"og:url\" content=\"https:\/\/www.sima-tec-gmbh.de\/kontakt\/kontaktdaten\/\" \/>\n<meta property=\"og:site_name\" content=\"SIMA-tec GmbH\" \/>\n<meta property=\"article:modified_time\" content=\"2025-03-24T12:57:04+00:00\" \/>\n<meta property=\"og:image\" content=\"https:\/\/www.sima-tec-gmbh.de\/wp-content\/uploads\/2015\/12\/Telefon-300x300.png\" \/>\n<meta name=\"twitter:card\" content=\"summary_large_image\" \/>\n<meta name=\"twitter:label1\" content=\"Est. reading time\" \/>\n\t<meta name=\"twitter:data1\" content=\"1 minute\" \/>\n<script type=\"application\/ld+json\" class=\"yoast-schema-graph\">{\"@context\":\"https:\/\/schema.org\",\"@graph\":[{\"@type\":\"WebPage\",\"@id\":\"https:\/\/www.sima-tec-gmbh.de\/kontakt\/kontaktdaten\/\",\"url\":\"https:\/\/www.sima-tec-gmbh.de\/kontakt\/kontaktdaten\/\",\"name\":\"Contact Information - SIMA-tec GmbH\",\"isPartOf\":{\"@id\":\"https:\/\/www.sima-tec-gmbh.de\/#website\"},\"datePublished\":\"2015-12-07T06:42:51+00:00\",\"dateModified\":\"2025-03-24T12:57:04+00:00\",\"breadcrumb\":{\"@id\":\"https:\/\/www.sima-tec-gmbh.de\/kontakt\/kontaktdaten\/#breadcrumb\"},\"inLanguage\":\"en-US\",\"potentialAction\":[{\"@type\":\"ReadAction\",\"target\":[\"https:\/\/www.sima-tec-gmbh.de\/kontakt\/kontaktdaten\/\"]}]},{\"@type\":\"BreadcrumbList\",\"@id\":\"https:\/\/www.sima-tec-gmbh.de\/kontakt\/kontaktdaten\/#breadcrumb\",\"itemListElement\":[{\"@type\":\"ListItem\",\"position\":1,\"name\":\"Startseite\",\"item\":\"https:\/\/www.sima-tec-gmbh.de\/\"},{\"@type\":\"ListItem\",\"position\":2,\"name\":\"Kontakt\",\"item\":\"https:\/\/www.sima-tec-gmbh.de\/kontakt\/\"},{\"@type\":\"ListItem\",\"position\":3,\"name\":\"Kontaktdaten\"}]},{\"@type\":\"WebSite\",\"@id\":\"https:\/\/www.sima-tec-gmbh.de\/#website\",\"url\":\"https:\/\/www.sima-tec-gmbh.de\/\",\"name\":\"SIMA-tec GmbH\",\"description\":\" Since more than 20 years we occupy ourself with themes like quality improvement in the range of industrial engineering, membrane technics and analysis. Expect peak perfomance! We look forward to your request! \",\"publisher\":{\"@id\":\"https:\/\/www.sima-tec-gmbh.de\/#organization\"},\"potentialAction\":[{\"@type\":\"SearchAction\",\"target\":{\"@type\":\"EntryPoint\",\"urlTemplate\":\"https:\/\/www.sima-tec-gmbh.de\/?s={search_term_string}\"},\"query-input\":\"required name=search_term_string\"}],\"inLanguage\":\"en-US\"},{\"@type\":\"Organization\",\"@id\":\"https:\/\/www.sima-tec-gmbh.de\/#organization\",\"name\":\"SIMAtec GmbH\",\"url\":\"https:\/\/www.sima-tec-gmbh.de\/\",\"logo\":{\"@type\":\"ImageObject\",\"inLanguage\":\"en-US\",\"@id\":\"https:\/\/www.sima-tec-gmbh.de\/#\/schema\/logo\/image\/\",\"url\":\"https:\/\/www.sima-tec-gmbh.de\/wp-content\/uploads\/2016\/04\/logo-sima-tec.jpg\",\"contentUrl\":\"https:\/\/www.sima-tec-gmbh.de\/wp-content\/uploads\/2016\/04\/logo-sima-tec.jpg\",\"width\":993,\"height\":1107,\"caption\":\"SIMAtec GmbH\"},\"image\":{\"@id\":\"https:\/\/www.sima-tec-gmbh.de\/#\/schema\/logo\/image\/\"}}]}<\/script>\n<!-- \/ Yoast SEO plugin. -->","yoast_head_json":{"title":"Contact Information - SIMA-tec GmbH","robots":{"index":"index","follow":"follow","max-snippet":"max-snippet:-1","max-image-preview":"max-image-preview:large","max-video-preview":"max-video-preview:-1"},"canonical":"https:\/\/www.sima-tec-gmbh.de\/kontakt\/kontaktdaten\/","og_locale":"en_US","og_type":"article","og_title":"Contact Information - SIMA-tec GmbH","og_url":"https:\/\/www.sima-tec-gmbh.de\/kontakt\/kontaktdaten\/","og_site_name":"SIMA-tec GmbH","article_modified_time":"2025-03-24T12:57:04+00:00","og_image":[{"url":"https:\/\/www.sima-tec-gmbh.de\/wp-content\/uploads\/2015\/12\/Telefon-300x300.png"}],"twitter_card":"summary_large_image","twitter_misc":{"Est. reading time":"1 minute"},"schema":{"@context":"https:\/\/schema.org","@graph":[{"@type":"WebPage","@id":"https:\/\/www.sima-tec-gmbh.de\/kontakt\/kontaktdaten\/","url":"https:\/\/www.sima-tec-gmbh.de\/kontakt\/kontaktdaten\/","name":"Contact Information - SIMA-tec GmbH","isPartOf":{"@id":"https:\/\/www.sima-tec-gmbh.de\/#website"},"datePublished":"2015-12-07T06:42:51+00:00","dateModified":"2025-03-24T12:57:04+00:00","breadcrumb":{"@id":"https:\/\/www.sima-tec-gmbh.de\/kontakt\/kontaktdaten\/#breadcrumb"},"inLanguage":"en-US","potentialAction":[{"@type":"ReadAction","target":["https:\/\/www.sima-tec-gmbh.de\/kontakt\/kontaktdaten\/"]}]},{"@type":"BreadcrumbList","@id":"https:\/\/www.sima-tec-gmbh.de\/kontakt\/kontaktdaten\/#breadcrumb","itemListElement":[{"@type":"ListItem","position":1,"name":"Startseite","item":"https:\/\/www.sima-tec-gmbh.de\/"},{"@type":"ListItem","position":2,"name":"Kontakt","item":"https:\/\/www.sima-tec-gmbh.de\/kontakt\/"},{"@type":"ListItem","position":3,"name":"Kontaktdaten"}]},{"@type":"WebSite","@id":"https:\/\/www.sima-tec-gmbh.de\/#website","url":"https:\/\/www.sima-tec-gmbh.de\/","name":"SIMA-tec GmbH","description":" Since more than 20 years we occupy ourself with themes like quality improvement in the range of industrial engineering, membrane technics and analysis. Expect peak perfomance! We look forward to your request! ","publisher":{"@id":"https:\/\/www.sima-tec-gmbh.de\/#organization"},"potentialAction":[{"@type":"SearchAction","target":{"@type":"EntryPoint","urlTemplate":"https:\/\/www.sima-tec-gmbh.de\/?s={search_term_string}"},"query-input":"required name=search_term_string"}],"inLanguage":"en-US"},{"@type":"Organization","@id":"https:\/\/www.sima-tec-gmbh.de\/#organization","name":"SIMAtec GmbH","url":"https:\/\/www.sima-tec-gmbh.de\/","logo":{"@type":"ImageObject","inLanguage":"en-US","@id":"https:\/\/www.sima-tec-gmbh.de\/#\/schema\/logo\/image\/","url":"https:\/\/www.sima-tec-gmbh.de\/wp-content\/uploads\/2016\/04\/logo-sima-tec.jpg","contentUrl":"https:\/\/www.sima-tec-gmbh.de\/wp-content\/uploads\/2016\/04\/logo-sima-tec.jpg","width":993,"height":1107,"caption":"SIMAtec GmbH"},"image":{"@id":"https:\/\/www.sima-tec-gmbh.de\/#\/schema\/logo\/image\/"}}]}},"_links":{"self":[{"href":"https:\/\/www.sima-tec-gmbh.de\/en\/wp-json\/wp\/v2\/pages\/27"}],"collection":[{"href":"https:\/\/www.sima-tec-gmbh.de\/en\/wp-json\/wp\/v2\/pages"}],"about":[{"href":"https:\/\/www.sima-tec-gmbh.de\/en\/wp-json\/wp\/v2\/types\/page"}],"author":[{"embeddable":true,"href":"https:\/\/www.sima-tec-gmbh.de\/en\/wp-json\/wp\/v2\/users\/1"}],"replies":[{"embeddable":true,"href":"https:\/\/www.sima-tec-gmbh.de\/en\/wp-json\/wp\/v2\/comments?post=27"}],"version-history":[{"count":17,"href":"https:\/\/www.sima-tec-gmbh.de\/en\/wp-json\/wp\/v2\/pages\/27\/revisions"}],"predecessor-version":[{"id":2905,"href":"https:\/\/www.sima-tec-gmbh.de\/en\/wp-json\/wp\/v2\/pages\/27\/revisions\/2905"}],"up":[{"embeddable":true,"href":"https:\/\/www.sima-tec-gmbh.de\/en\/wp-json\/wp\/v2\/pages\/38"}],"wp:attachment":[{"href":"https:\/\/www.sima-tec-gmbh.de\/en\/wp-json\/wp\/v2\/media?parent=27"}],"curies":[{"name":"wp","href":"https:\/\/api.w.org\/{rel}","templated":true}]}}