{"id":2162,"date":"2019-11-18T08:31:56","date_gmt":"2019-11-18T07:31:56","guid":{"rendered":"https:\/\/www.sima-tec-gmbh.de\/?page_id=2162"},"modified":"2023-09-04T14:55:24","modified_gmt":"2023-09-04T12:55:24","slug":"labormembran-testanlage-lsta05","status":"publish","type":"page","link":"https:\/\/www.sima-tec-gmbh.de\/en\/anlagenbau\/membrantechnik\/labormembran-testanlage-lsta05\/","title":{"rendered":"Laboratory Membrane Test Unit (LSta05)"},"content":{"rendered":"<p>The LSta05 is a laboratory membrane test unit for carrying out experiments in the field of ultrafiltration and microfiltration. It was specially developed for a research project in the dairy industry. The main focus was on the fouling behavior over the entire membrane length of a ceramic membrane.<\/p>\n<p>The system can be equipped with different tube or ceramic membranes and has an adaptable mounting device for other modules. However, the special feature lies in the serial connection of up to four sections, whereby each section has a separate filtrate discharge including sampling. This allows a closer look respectively investigation of individual membrane sections, such as the membrane end piece. In addition, the unit has a backwashing device for cleaning each membrane section with permeate.<\/p>\n<p>The system described her is designed on customers request as a semi-automatically controlled system. However, it can also be built as a fully automated system. The process parameters are variable and can be adjusted individually at any time. All measurement and control data can optionally be recorded, standardized and visualized via an external data acquisition system. The test data are stored in a format readably by excel.<\/p>\n<p>In addition to the special requirements of the research project, the universal equipment of the unit and arbitrary use of different membrane types enable experiments over the entire range of industrial applications:<\/p>\n<ul>\n<li>Experiments to analyze membrane sections<\/li>\n<li>Investigations of fouling behavior over the entire membrane length<\/li>\n<li>Investigation of cleanability over the entire membrane length<\/li>\n<li>Experiments to compare different membrane materials and\/or membrane geometries<\/li>\n<li>Long-term test to investigate the membranes long-term behavior<\/li>\n<li>Feed&amp;Bleed experiments<\/li>\n<\/ul>\n<p>Further technical information is given in the Data Sheet.<\/p>\n<p>Are you interested? Or could you not find your wanted test unit yet? No problem! Contact us! We would be happy to give you advice!<\/p>\n","protected":false},"excerpt":{"rendered":"<p>The LSta05 is a laboratory membrane test unit for carrying out experiments in the field of ultrafiltration and microfiltration. It was specially developed for a research project in the dairy industry. The main focus was on the fouling behavior over the entire membrane length of a ceramic membrane. The system can be equipped with different [&hellip;]<\/p>\n","protected":false},"author":1,"featured_media":2166,"parent":11,"menu_order":26,"comment_status":"closed","ping_status":"closed","template":"","meta":[],"translation":{"provider":"WPGlobus","version":"2.10.10","language":"en","enabled_languages":["de","en"],"languages":{"de":{"title":true,"content":true,"excerpt":false},"en":{"title":true,"content":true,"excerpt":false}}},"yoast_head":"<!-- This site is optimized with the Yoast SEO plugin v20.4 - https:\/\/yoast.com\/wordpress\/plugins\/seo\/ -->\n<title>Laboratory Membrane Test Unit (LSta05) - SIMA-tec GmbH<\/title>\n<meta name=\"robots\" content=\"index, follow, max-snippet:-1, max-image-preview:large, max-video-preview:-1\" \/>\n<link rel=\"canonical\" href=\"https:\/\/www.sima-tec-gmbh.de\/anlagenbau\/membrantechnik\/labormembran-testanlage-lsta05\/\" \/>\n<meta property=\"og:locale\" content=\"en_US\" \/>\n<meta property=\"og:type\" content=\"article\" \/>\n<meta property=\"og:title\" content=\"Laboratory Membrane Test Unit (LSta05) - SIMA-tec GmbH\" \/>\n<meta property=\"og:url\" content=\"https:\/\/www.sima-tec-gmbh.de\/anlagenbau\/membrantechnik\/labormembran-testanlage-lsta05\/\" \/>\n<meta property=\"og:site_name\" content=\"SIMA-tec GmbH\" \/>\n<meta property=\"article:modified_time\" content=\"2023-09-04T12:55:24+00:00\" \/>\n<meta property=\"og:image\" content=\"https:\/\/www.sima-tec-gmbh.de\/wp-content\/uploads\/2019\/11\/LSta05_Frontansicht_gr\u00f6\u00dfe-ge\u00e4ndert-1024x768.jpg\" \/>\n\t<meta property=\"og:image:width\" content=\"1024\" \/>\n\t<meta property=\"og:image:height\" content=\"768\" \/>\n\t<meta property=\"og:image:type\" content=\"image\/jpeg\" \/>\n<meta name=\"twitter:card\" content=\"summary_large_image\" \/>\n<meta name=\"twitter:label1\" content=\"Est. reading time\" \/>\n\t<meta name=\"twitter:data1\" content=\"2 minutes\" \/>\n<script type=\"application\/ld+json\" class=\"yoast-schema-graph\">{\"@context\":\"https:\/\/schema.org\",\"@graph\":[{\"@type\":\"WebPage\",\"@id\":\"https:\/\/www.sima-tec-gmbh.de\/anlagenbau\/membrantechnik\/labormembran-testanlage-lsta05\/\",\"url\":\"https:\/\/www.sima-tec-gmbh.de\/anlagenbau\/membrantechnik\/labormembran-testanlage-lsta05\/\",\"name\":\"Laboratory Membrane Test Unit (LSta05) - SIMA-tec GmbH\",\"isPartOf\":{\"@id\":\"https:\/\/www.sima-tec-gmbh.de\/#website\"},\"datePublished\":\"2019-11-18T07:31:56+00:00\",\"dateModified\":\"2023-09-04T12:55:24+00:00\",\"breadcrumb\":{\"@id\":\"https:\/\/www.sima-tec-gmbh.de\/anlagenbau\/membrantechnik\/labormembran-testanlage-lsta05\/#breadcrumb\"},\"inLanguage\":\"en-US\",\"potentialAction\":[{\"@type\":\"ReadAction\",\"target\":[\"https:\/\/www.sima-tec-gmbh.de\/anlagenbau\/membrantechnik\/labormembran-testanlage-lsta05\/\"]}]},{\"@type\":\"BreadcrumbList\",\"@id\":\"https:\/\/www.sima-tec-gmbh.de\/anlagenbau\/membrantechnik\/labormembran-testanlage-lsta05\/#breadcrumb\",\"itemListElement\":[{\"@type\":\"ListItem\",\"position\":1,\"name\":\"Startseite\",\"item\":\"https:\/\/www.sima-tec-gmbh.de\/\"},{\"@type\":\"ListItem\",\"position\":2,\"name\":\"Anlagenbau\",\"item\":\"https:\/\/www.sima-tec-gmbh.de\/anlagenbau\/\"},{\"@type\":\"ListItem\",\"position\":3,\"name\":\"Membrantechnik\",\"item\":\"https:\/\/www.sima-tec-gmbh.de\/anlagenbau\/membrantechnik\/\"},{\"@type\":\"ListItem\",\"position\":4,\"name\":\"Labormembran-Testanlage (LSta05)\"}]},{\"@type\":\"WebSite\",\"@id\":\"https:\/\/www.sima-tec-gmbh.de\/#website\",\"url\":\"https:\/\/www.sima-tec-gmbh.de\/\",\"name\":\"SIMA-tec GmbH\",\"description\":\" Since more than 20 years we occupy ourself with themes like quality improvement in the range of industrial engineering, membrane technics and analysis. Expect peak perfomance! We look forward to your request! \",\"publisher\":{\"@id\":\"https:\/\/www.sima-tec-gmbh.de\/#organization\"},\"potentialAction\":[{\"@type\":\"SearchAction\",\"target\":{\"@type\":\"EntryPoint\",\"urlTemplate\":\"https:\/\/www.sima-tec-gmbh.de\/?s={search_term_string}\"},\"query-input\":\"required name=search_term_string\"}],\"inLanguage\":\"en-US\"},{\"@type\":\"Organization\",\"@id\":\"https:\/\/www.sima-tec-gmbh.de\/#organization\",\"name\":\"SIMAtec GmbH\",\"url\":\"https:\/\/www.sima-tec-gmbh.de\/\",\"logo\":{\"@type\":\"ImageObject\",\"inLanguage\":\"en-US\",\"@id\":\"https:\/\/www.sima-tec-gmbh.de\/#\/schema\/logo\/image\/\",\"url\":\"https:\/\/www.sima-tec-gmbh.de\/wp-content\/uploads\/2016\/04\/logo-sima-tec.jpg\",\"contentUrl\":\"https:\/\/www.sima-tec-gmbh.de\/wp-content\/uploads\/2016\/04\/logo-sima-tec.jpg\",\"width\":993,\"height\":1107,\"caption\":\"SIMAtec GmbH\"},\"image\":{\"@id\":\"https:\/\/www.sima-tec-gmbh.de\/#\/schema\/logo\/image\/\"}}]}<\/script>\n<!-- \/ Yoast SEO plugin. -->","yoast_head_json":{"title":"Laboratory Membrane Test Unit (LSta05) - SIMA-tec GmbH","robots":{"index":"index","follow":"follow","max-snippet":"max-snippet:-1","max-image-preview":"max-image-preview:large","max-video-preview":"max-video-preview:-1"},"canonical":"https:\/\/www.sima-tec-gmbh.de\/anlagenbau\/membrantechnik\/labormembran-testanlage-lsta05\/","og_locale":"en_US","og_type":"article","og_title":"Laboratory Membrane Test Unit (LSta05) - SIMA-tec GmbH","og_url":"https:\/\/www.sima-tec-gmbh.de\/anlagenbau\/membrantechnik\/labormembran-testanlage-lsta05\/","og_site_name":"SIMA-tec GmbH","article_modified_time":"2023-09-04T12:55:24+00:00","og_image":[{"width":1024,"height":768,"url":"https:\/\/www.sima-tec-gmbh.de\/wp-content\/uploads\/2019\/11\/LSta05_Frontansicht_gr\u00f6\u00dfe-ge\u00e4ndert-1024x768.jpg","type":"image\/jpeg"}],"twitter_card":"summary_large_image","twitter_misc":{"Est. reading time":"2 minutes"},"schema":{"@context":"https:\/\/schema.org","@graph":[{"@type":"WebPage","@id":"https:\/\/www.sima-tec-gmbh.de\/anlagenbau\/membrantechnik\/labormembran-testanlage-lsta05\/","url":"https:\/\/www.sima-tec-gmbh.de\/anlagenbau\/membrantechnik\/labormembran-testanlage-lsta05\/","name":"Laboratory Membrane Test Unit (LSta05) - SIMA-tec GmbH","isPartOf":{"@id":"https:\/\/www.sima-tec-gmbh.de\/#website"},"datePublished":"2019-11-18T07:31:56+00:00","dateModified":"2023-09-04T12:55:24+00:00","breadcrumb":{"@id":"https:\/\/www.sima-tec-gmbh.de\/anlagenbau\/membrantechnik\/labormembran-testanlage-lsta05\/#breadcrumb"},"inLanguage":"en-US","potentialAction":[{"@type":"ReadAction","target":["https:\/\/www.sima-tec-gmbh.de\/anlagenbau\/membrantechnik\/labormembran-testanlage-lsta05\/"]}]},{"@type":"BreadcrumbList","@id":"https:\/\/www.sima-tec-gmbh.de\/anlagenbau\/membrantechnik\/labormembran-testanlage-lsta05\/#breadcrumb","itemListElement":[{"@type":"ListItem","position":1,"name":"Startseite","item":"https:\/\/www.sima-tec-gmbh.de\/"},{"@type":"ListItem","position":2,"name":"Anlagenbau","item":"https:\/\/www.sima-tec-gmbh.de\/anlagenbau\/"},{"@type":"ListItem","position":3,"name":"Membrantechnik","item":"https:\/\/www.sima-tec-gmbh.de\/anlagenbau\/membrantechnik\/"},{"@type":"ListItem","position":4,"name":"Labormembran-Testanlage (LSta05)"}]},{"@type":"WebSite","@id":"https:\/\/www.sima-tec-gmbh.de\/#website","url":"https:\/\/www.sima-tec-gmbh.de\/","name":"SIMA-tec GmbH","description":" Since more than 20 years we occupy ourself with themes like quality improvement in the range of industrial engineering, membrane technics and analysis. Expect peak perfomance! We look forward to your request! ","publisher":{"@id":"https:\/\/www.sima-tec-gmbh.de\/#organization"},"potentialAction":[{"@type":"SearchAction","target":{"@type":"EntryPoint","urlTemplate":"https:\/\/www.sima-tec-gmbh.de\/?s={search_term_string}"},"query-input":"required name=search_term_string"}],"inLanguage":"en-US"},{"@type":"Organization","@id":"https:\/\/www.sima-tec-gmbh.de\/#organization","name":"SIMAtec GmbH","url":"https:\/\/www.sima-tec-gmbh.de\/","logo":{"@type":"ImageObject","inLanguage":"en-US","@id":"https:\/\/www.sima-tec-gmbh.de\/#\/schema\/logo\/image\/","url":"https:\/\/www.sima-tec-gmbh.de\/wp-content\/uploads\/2016\/04\/logo-sima-tec.jpg","contentUrl":"https:\/\/www.sima-tec-gmbh.de\/wp-content\/uploads\/2016\/04\/logo-sima-tec.jpg","width":993,"height":1107,"caption":"SIMAtec GmbH"},"image":{"@id":"https:\/\/www.sima-tec-gmbh.de\/#\/schema\/logo\/image\/"}}]}},"_links":{"self":[{"href":"https:\/\/www.sima-tec-gmbh.de\/en\/wp-json\/wp\/v2\/pages\/2162"}],"collection":[{"href":"https:\/\/www.sima-tec-gmbh.de\/en\/wp-json\/wp\/v2\/pages"}],"about":[{"href":"https:\/\/www.sima-tec-gmbh.de\/en\/wp-json\/wp\/v2\/types\/page"}],"author":[{"embeddable":true,"href":"https:\/\/www.sima-tec-gmbh.de\/en\/wp-json\/wp\/v2\/users\/1"}],"replies":[{"embeddable":true,"href":"https:\/\/www.sima-tec-gmbh.de\/en\/wp-json\/wp\/v2\/comments?post=2162"}],"version-history":[{"count":4,"href":"https:\/\/www.sima-tec-gmbh.de\/en\/wp-json\/wp\/v2\/pages\/2162\/revisions"}],"predecessor-version":[{"id":2738,"href":"https:\/\/www.sima-tec-gmbh.de\/en\/wp-json\/wp\/v2\/pages\/2162\/revisions\/2738"}],"up":[{"embeddable":true,"href":"https:\/\/www.sima-tec-gmbh.de\/en\/wp-json\/wp\/v2\/pages\/11"}],"wp:featuredmedia":[{"embeddable":true,"href":"https:\/\/www.sima-tec-gmbh.de\/en\/wp-json\/wp\/v2\/media\/2166"}],"wp:attachment":[{"href":"https:\/\/www.sima-tec-gmbh.de\/en\/wp-json\/wp\/v2\/media?parent=2162"}],"curies":[{"name":"wp","href":"https:\/\/api.w.org\/{rel}","templated":true}]}}